{"id":1984,"date":"2019-12-13T12:07:32","date_gmt":"2019-12-13T10:07:32","guid":{"rendered":"https:\/\/www.maidotips.com\/environment\/?page_id=1984"},"modified":"2020-01-25T15:02:05","modified_gmt":"2020-01-25T13:02:05","slug":"calculadoras-y-hojas-de-calculo","status":"publish","type":"page","link":"https:\/\/www.maidotips.com\/environment\/calculadoras-y-hojas-de-calculo\/","title":{"rendered":"Calculadoras Y Hojas de Calculo"},"content":{"rendered":"\n<p>Os dejo aqui recopilaci\u00f2n de algunos links para descargar Hojas de calculo o acceder a aplicaciones  para utilidades diversas:<\/p>\n\n\n\n<figure class=\"wp-block-image size-large\"><img data-recalc-dims=\"1\" decoding=\"async\" src=\"https:\/\/i0.wp.com\/solar.maidotips.com\/wp-files\/2019-12\/photovoltaic-491702_1280.jpg?w=780\" alt=\"\"\/><\/figure>\n\n\n\n<p>AUTOCONSUMO, INSTALACIONES A RED, RENTABILIDADES, ETC&#8230; Tened en cuenta que son estimaciones y que para cada caso en particular se requeriria estudio mas preciso. No obstante, Espero que os sean de utilidad.<br \/> (Se iran a\u00f1adiendo nuevos enlaces)<\/p>\n\n\n\n<section id=\"linkcat-68\" class=\"widget widget_links amr_widget\"><div class=\"widget-wrap\"><h4 class=\"widget-title\">CALCULADORAS Y HOJAS DE CALCULO<\/h4>\n\t<ul class='xoxo blogroll'>\n<li><a href=\"https:\/\/www.maidotips.com\/environment\/calculadora-autoconsumo-fotovoltaico\/\" title=\"Calculadora Online Autoconsumo Fotovoltaico\">Calculadora Autoconsumo Fotovoltaico<\/a>\nCalculadora Online Autoconsumo Fotovoltaico<\/li>\n<li><a href=\"https:\/\/www.maidotips.com\/environment\/instalacion-autoconsumo-estudio-viabilidad-economica\/\" title=\"Para Calcular el impacto economico de una Instalacion de Autoconsumo\">Calculadora para estudio economico de Instalacion de Autoconsumo<\/a>\nPara Calcular el impacto economico de una Instalacion de Autoconsumo<\/li>\n<li><a href=\"https:\/\/www.maidotips.com\/environment\/costes-e-ingresos-de-planta-fotovoltaica-conectada-a-red\/\" title=\"Hoja de calculo para estimar Costes e Ingresos de Planta Fotovoltaica conectada a Red\">Costes e Ingresos de Planta Fotovoltaica conectada a Red<\/a>\nHoja de calculo para estimar Costes e Ingresos de Planta Fotovoltaica conectada a Red<\/li>\n<li><a href=\"https:\/\/www.maidotips.com\/environment\/excel-para-calculo-y-analisis-de-instalacion-de-autoconsumo\/\" title=\"Una hoja de calculo para hacer una estimacion del ahorro de instalacion  de Autoconsumo\">Excel para Calculo y Analisis de instalacion de Autoconsumo Fotovoltaico<\/a>\nUna hoja de calculo para hacer una estimacion del ahorro de instalacion  de Autoconsumo<\/li>\n<li><a href=\"https:\/\/www.maidotips.com\/environment\/excel-para-calculo-y-analisis-de-instalacion-fotovoltaica-conectada-a-red\/\">Excel para Calculo y an\u00e0lisis de Instalaci\u00f3n Fotovoltaica conectada a Red<\/a><\/li>\n<li><a href=\"https:\/\/www.maidotips.com\/environment\/excel-para-el-calculo-de-secciones-de-los-conductores-de-instalaciones-electricas\/\" title=\"Excel para el Calculo de Seccion de Conductores de Instalaciones Electricas\">Excel para el Calculo de Seccion de Conductores de Instalaciones Electricas<\/a>\nExcel para el Calculo de Seccion de Conductores de Instalaciones Electricas<\/li>\n<li><a href=\"https:\/\/www.maidotips.com\/environment\/excel-para-hacer-estimacion-del-ahorro-en-instalacion-de-autoconsumo\/\">Excel Para hecer Estimacion del Ahorro en Instalaciones de Autoconsumo Fotovoltaico<\/a><\/li>\n<li><a href=\"https:\/\/www.maidotips.com\/environment\/excel-y-videos-ilustrativos-para-calculo-instalaciones-fotovoltaicas-de-autoconsumo\/\">Excel y Videos Ilustrativos para Calculo instalaciones Fotovoltaicas de Autoconsumo<\/a><\/li>\n<li><a href=\"https:\/\/www.maidotips.com\/environment\/como-calcular-instalacion-de-autoconsumo\/\" title=\"HOJA DE CALCULO PARA CALCULAR INSTALACIONES AUTOCONSUMO\">HOJA DE CALCULO PARA CALCULAR INSTALACIONES AUTOCONSUMO<\/a>\nHOJA DE CALCULO PARA CALCULAR INSTALACIONES AUTOCONSUMO<\/li>\n<li><a href=\"https:\/\/www.maidotips.com\/environment\/hoja-de-calculo-para-hacer-estimacion-del-consumo-electrico\/\" title=\"Hoja de Calculo para hacer una Estimacion del Consumo Electrico\">Hoja de Calculo para hacer una Estimacion del Consumo Electrico<\/a>\nHoja de Calculo para hacer una Estimacion del Consumo Electrico<\/li>\n<li><a href=\"https:\/\/www.maidotips.com\/environment\/plantilla-para-dimensionar-instalacion-solar-aislada\/\" title=\"Plantilla hoja de calculo Excel para dimensionar o calcular una instalaci\u00f3n Solar Fotovoltaica aislada\">Plantilla para dimensionar Instalacion Solar Aislada<\/a>\nPlantilla hoja de calculo Excel para dimensionar o calcular una instalaci\u00f3n Solar Fotovoltaica aislada<\/li>\n<li><a href=\"https:\/\/www.maidotips.com\/environment\/\" title=\"Calculadora online Proyeccion de Ingresos y gastos de instalacion Fotovoltaica\">Proyeccion de Ingresos y gastos de instalacion Fotovoltaica<\/a>\nCalculadora online Proyeccion de Ingresos y gastos de instalacion Fotovoltaica<\/li>\n\n\t<\/ul>\n<\/div><!-- .widget-wrap --><\/section><!-- #widget-default-search -->\n\n\n\n\n<section id=\"linkcat-79\" class=\"widget widget_links amr_widget\"><div class=\"widget-wrap\"><h4 class=\"widget-title\">Aplicaciones Android<\/h4>\n\t<ul class='xoxo blogroll'>\n<li><a href=\"https:\/\/www.maidotips.com\/environment\/calculos-electricos\/\" title=\"Electrical Calculations es una de las mejores aplicaci\u00f3nes en el sector el\u00e9ctrico, tiene muchos c\u00e1lculos que pueden ayudarte en tu trabajo. \u00a1No puede faltar en tu smartphone! \">Calculos Electricos<\/a>\nElectrical Calculations es una de las mejores aplicaci\u00f3nes en el sector el\u00e9ctrico, tiene muchos c\u00e1lculos que pueden ayudarte en tu trabajo. \u00a1No puede faltar en tu smartphone! <\/li>\n<li><a href=\"https:\/\/www.maidotips.com\/environment\/herramienta-calculo-solar-para-android\/\" title=\"Sin duda es una app que no te puede faltar si te dedicas o quieres saber mas sobre la Energ\u00eda Solar Fotovoltaica\">Herramienta Calculo Solar para Android<\/a>\nSin duda es una app que no te puede faltar si te dedicas o quieres saber mas sobre la Energ\u00eda Solar Fotovoltaica<\/li>\n\n\t<\/ul>\n<\/div><!-- .widget-wrap --><\/section><!-- #widget-default-search -->\n\n\n\n<section id=\"top-posts-2\" class=\"widget widget_top-posts amr_widget\"><div class=\"widget-wrap\"><h4 class=\"widget-title\">Populares<\/h4><ul><li><a href=\"https:\/\/www.maidotips.com\/environment\/excel-para-calculos-electricos\/\" class=\"bump-view\" data-bump-view=\"tp\">Excel para Calculos Electricos<\/a><\/li><li><a href=\"https:\/\/www.maidotips.com\/environment\/excel-para-el-calculo-de-secciones-de-los-conductores-de-instalaciones-electricas\/\" class=\"bump-view\" data-bump-view=\"tp\">Excel para el c\u00e1lculo de secciones de los conductores de instalaciones Electricas<\/a><\/li><\/ul><\/div><!-- .widget-wrap --><\/section><!-- #widget-default-search -->\n\n\n<br \/>Widget not in any sidebars<br \/>\n\n\n<section id=\"facebook-likebox-3\" class=\"widget widget_facebook_likebox amr_widget\"><div class=\"widget-wrap\">\t\t<div id=\"fb-root\"><\/div>\n\t\t<div class=\"fb-page\" data-href=\"https:\/\/www.facebook.com\/Energiasrenovablesytecnologia\/\" data-width=\"480\"  data-height=\"130\" data-hide-cover=\"true\" data-show-facepile=\"false\" data-tabs=\"timeline\" data-hide-cta=\"false\" data-small-header=\"false\">\n\t\t<div class=\"fb-xfbml-parse-ignore\"><blockquote cite=\"https:\/\/www.facebook.com\/Energiasrenovablesytecnologia\/\"><a href=\"https:\/\/www.facebook.com\/Energiasrenovablesytecnologia\/\"><\/a><\/blockquote><\/div>\n\t\t<\/div>\n\t\t<\/div><!-- .widget-wrap --><\/section><!-- #widget-default-search -->\n\n\n<br \/>Widget not in any sidebars<br \/>\n","protected":false},"excerpt":{"rendered":"<p>Os dejo aqui recopilaci\u00f2n de algunos links para descargar Hojas de calculo o acceder a aplicaciones para utilidades diversas: AUTOCONSUMO, INSTALACIONES A RED, RENTABILIDADES, ETC&#8230; Tened en cuenta que son estimaciones y que para cada caso en particular se requeriria estudio mas preciso. No obstante, Espero que os sean de utilidad. (Se iran a\u00f1adiendo nuevos <a class=\"more-link\" href=\"https:\/\/www.maidotips.com\/environment\/calculadoras-y-hojas-de-calculo\/\">Leer m\u00e1s &#8230;<\/a><\/p>\n","protected":false},"author":6,"featured_media":0,"parent":0,"menu_order":0,"comment_status":"closed","ping_status":"closed","template":"","meta":{"_monsterinsights_skip_tracking":false,"_monsterinsights_sitenote_active":false,"_monsterinsights_sitenote_note":"","_monsterinsights_sitenote_category":0,"jetpack_post_was_ever_published":false,"footnotes":""},"class_list":["post-1984","page","type-page","status-publish","hentry"],"yoast_head":"<!-- This site is optimized with the Yoast SEO plugin v24.8.1 - https:\/\/yoast.com\/wordpress\/plugins\/seo\/ -->\n<title>Calculadoras Y Hojas de Calculo - BLOG de ENERGIAS RENOVABLES yTECNOLOGIA<\/title>\n<meta name=\"robots\" content=\"index, follow, max-snippet:-1, max-image-preview:large, max-video-preview:-1\" \/>\n<link rel=\"canonical\" href=\"https:\/\/www.maidotips.com\/environment\/calculadoras-y-hojas-de-calculo\/\" \/>\n<meta property=\"og:locale\" content=\"es_ES\" \/>\n<meta property=\"og:type\" content=\"article\" \/>\n<meta property=\"og:title\" content=\"Calculadoras Y Hojas de Calculo - BLOG de ENERGIAS RENOVABLES yTECNOLOGIA\" \/>\n<meta property=\"og:description\" content=\"Os dejo aqui recopilaci\u00f2n de algunos links para descargar Hojas de calculo o acceder a aplicaciones para utilidades diversas: AUTOCONSUMO, INSTALACIONES A RED, RENTABILIDADES, ETC&#8230; Tened en cuenta que son estimaciones y que para cada caso en particular se requeriria estudio mas preciso. No obstante, Espero que os sean de utilidad. (Se iran a\u00f1adiendo nuevos Leer m\u00e1s ...\" \/>\n<meta property=\"og:url\" content=\"https:\/\/www.maidotips.com\/environment\/calculadoras-y-hojas-de-calculo\/\" \/>\n<meta property=\"og:site_name\" content=\"BLOG de ENERGIAS RENOVABLES yTECNOLOGIA\" \/>\n<meta property=\"article:publisher\" content=\"https:\/\/www.facebook.com\/Energiasrenovablesytecnologia\/\" \/>\n<meta property=\"article:modified_time\" content=\"2020-01-25T13:02:05+00:00\" \/>\n<meta property=\"og:image\" content=\"http:\/\/solar.maidotips.com\/wp-files\/2019-12\/photovoltaic-491702_1280.jpg\" \/>\n<meta name=\"twitter:card\" content=\"summary_large_image\" \/>\n<script type=\"application\/ld+json\" class=\"yoast-schema-graph\">{\"@context\":\"https:\/\/schema.org\",\"@graph\":[{\"@type\":\"WebPage\",\"@id\":\"https:\/\/www.maidotips.com\/environment\/calculadoras-y-hojas-de-calculo\/\",\"url\":\"https:\/\/www.maidotips.com\/environment\/calculadoras-y-hojas-de-calculo\/\",\"name\":\"Calculadoras Y Hojas de Calculo - BLOG de ENERGIAS RENOVABLES yTECNOLOGIA\",\"isPartOf\":{\"@id\":\"https:\/\/www.maidotips.com\/environment\/#website\"},\"primaryImageOfPage\":{\"@id\":\"https:\/\/www.maidotips.com\/environment\/calculadoras-y-hojas-de-calculo\/#primaryimage\"},\"image\":{\"@id\":\"https:\/\/www.maidotips.com\/environment\/calculadoras-y-hojas-de-calculo\/#primaryimage\"},\"thumbnailUrl\":\"http:\/\/solar.maidotips.com\/wp-files\/2019-12\/photovoltaic-491702_1280.jpg\",\"datePublished\":\"2019-12-13T10:07:32+00:00\",\"dateModified\":\"2020-01-25T13:02:05+00:00\",\"breadcrumb\":{\"@id\":\"https:\/\/www.maidotips.com\/environment\/calculadoras-y-hojas-de-calculo\/#breadcrumb\"},\"inLanguage\":\"es\",\"potentialAction\":[{\"@type\":\"ReadAction\",\"target\":[\"https:\/\/www.maidotips.com\/environment\/calculadoras-y-hojas-de-calculo\/\"]}]},{\"@type\":\"ImageObject\",\"inLanguage\":\"es\",\"@id\":\"https:\/\/www.maidotips.com\/environment\/calculadoras-y-hojas-de-calculo\/#primaryimage\",\"url\":\"http:\/\/solar.maidotips.com\/wp-files\/2019-12\/photovoltaic-491702_1280.jpg\",\"contentUrl\":\"http:\/\/solar.maidotips.com\/wp-files\/2019-12\/photovoltaic-491702_1280.jpg\"},{\"@type\":\"BreadcrumbList\",\"@id\":\"https:\/\/www.maidotips.com\/environment\/calculadoras-y-hojas-de-calculo\/#breadcrumb\",\"itemListElement\":[{\"@type\":\"ListItem\",\"position\":1,\"name\":\"Portada\",\"item\":\"https:\/\/www.maidotips.com\/environment\/\"},{\"@type\":\"ListItem\",\"position\":2,\"name\":\"Calculadoras Y Hojas de Calculo\"}]},{\"@type\":\"WebSite\",\"@id\":\"https:\/\/www.maidotips.com\/environment\/#website\",\"url\":\"https:\/\/www.maidotips.com\/environment\/\",\"name\":\"BLOG de ENERGIAS RENOVABLES yTECNOLOGIA\",\"description\":\"BLOG sobre la energia verde y TECNOLOGIA\",\"potentialAction\":[{\"@type\":\"SearchAction\",\"target\":{\"@type\":\"EntryPoint\",\"urlTemplate\":\"https:\/\/www.maidotips.com\/environment\/?s={search_term_string}\"},\"query-input\":{\"@type\":\"PropertyValueSpecification\",\"valueRequired\":true,\"valueName\":\"search_term_string\"}}],\"inLanguage\":\"es\"}]}<\/script>\n<!-- \/ Yoast SEO plugin. -->","yoast_head_json":{"title":"Calculadoras Y Hojas de Calculo - BLOG de ENERGIAS RENOVABLES yTECNOLOGIA","robots":{"index":"index","follow":"follow","max-snippet":"max-snippet:-1","max-image-preview":"max-image-preview:large","max-video-preview":"max-video-preview:-1"},"canonical":"https:\/\/www.maidotips.com\/environment\/calculadoras-y-hojas-de-calculo\/","og_locale":"es_ES","og_type":"article","og_title":"Calculadoras Y Hojas de Calculo - BLOG de ENERGIAS RENOVABLES yTECNOLOGIA","og_description":"Os dejo aqui recopilaci\u00f2n de algunos links para descargar Hojas de calculo o acceder a aplicaciones para utilidades diversas: AUTOCONSUMO, INSTALACIONES A RED, RENTABILIDADES, ETC&#8230; Tened en cuenta que son estimaciones y que para cada caso en particular se requeriria estudio mas preciso. No obstante, Espero que os sean de utilidad. (Se iran a\u00f1adiendo nuevos Leer m\u00e1s ...","og_url":"https:\/\/www.maidotips.com\/environment\/calculadoras-y-hojas-de-calculo\/","og_site_name":"BLOG de ENERGIAS RENOVABLES yTECNOLOGIA","article_publisher":"https:\/\/www.facebook.com\/Energiasrenovablesytecnologia\/","article_modified_time":"2020-01-25T13:02:05+00:00","og_image":[{"url":"http:\/\/solar.maidotips.com\/wp-files\/2019-12\/photovoltaic-491702_1280.jpg","type":"","width":"","height":""}],"twitter_card":"summary_large_image","schema":{"@context":"https:\/\/schema.org","@graph":[{"@type":"WebPage","@id":"https:\/\/www.maidotips.com\/environment\/calculadoras-y-hojas-de-calculo\/","url":"https:\/\/www.maidotips.com\/environment\/calculadoras-y-hojas-de-calculo\/","name":"Calculadoras Y Hojas de Calculo - BLOG de ENERGIAS RENOVABLES yTECNOLOGIA","isPartOf":{"@id":"https:\/\/www.maidotips.com\/environment\/#website"},"primaryImageOfPage":{"@id":"https:\/\/www.maidotips.com\/environment\/calculadoras-y-hojas-de-calculo\/#primaryimage"},"image":{"@id":"https:\/\/www.maidotips.com\/environment\/calculadoras-y-hojas-de-calculo\/#primaryimage"},"thumbnailUrl":"http:\/\/solar.maidotips.com\/wp-files\/2019-12\/photovoltaic-491702_1280.jpg","datePublished":"2019-12-13T10:07:32+00:00","dateModified":"2020-01-25T13:02:05+00:00","breadcrumb":{"@id":"https:\/\/www.maidotips.com\/environment\/calculadoras-y-hojas-de-calculo\/#breadcrumb"},"inLanguage":"es","potentialAction":[{"@type":"ReadAction","target":["https:\/\/www.maidotips.com\/environment\/calculadoras-y-hojas-de-calculo\/"]}]},{"@type":"ImageObject","inLanguage":"es","@id":"https:\/\/www.maidotips.com\/environment\/calculadoras-y-hojas-de-calculo\/#primaryimage","url":"http:\/\/solar.maidotips.com\/wp-files\/2019-12\/photovoltaic-491702_1280.jpg","contentUrl":"http:\/\/solar.maidotips.com\/wp-files\/2019-12\/photovoltaic-491702_1280.jpg"},{"@type":"BreadcrumbList","@id":"https:\/\/www.maidotips.com\/environment\/calculadoras-y-hojas-de-calculo\/#breadcrumb","itemListElement":[{"@type":"ListItem","position":1,"name":"Portada","item":"https:\/\/www.maidotips.com\/environment\/"},{"@type":"ListItem","position":2,"name":"Calculadoras Y Hojas de Calculo"}]},{"@type":"WebSite","@id":"https:\/\/www.maidotips.com\/environment\/#website","url":"https:\/\/www.maidotips.com\/environment\/","name":"BLOG de ENERGIAS RENOVABLES yTECNOLOGIA","description":"BLOG sobre la energia verde y TECNOLOGIA","potentialAction":[{"@type":"SearchAction","target":{"@type":"EntryPoint","urlTemplate":"https:\/\/www.maidotips.com\/environment\/?s={search_term_string}"},"query-input":{"@type":"PropertyValueSpecification","valueRequired":true,"valueName":"search_term_string"}}],"inLanguage":"es"}]}},"jetpack_shortlink":"https:\/\/wp.me\/PbBd6N-w0","jetpack-related-posts":[],"jetpack_likes_enabled":true,"jetpack_sharing_enabled":true,"_links":{"self":[{"href":"https:\/\/www.maidotips.com\/environment\/wp-json\/wp\/v2\/pages\/1984","targetHints":{"allow":["GET"]}}],"collection":[{"href":"https:\/\/www.maidotips.com\/environment\/wp-json\/wp\/v2\/pages"}],"about":[{"href":"https:\/\/www.maidotips.com\/environment\/wp-json\/wp\/v2\/types\/page"}],"author":[{"embeddable":true,"href":"https:\/\/www.maidotips.com\/environment\/wp-json\/wp\/v2\/users\/6"}],"replies":[{"embeddable":true,"href":"https:\/\/www.maidotips.com\/environment\/wp-json\/wp\/v2\/comments?post=1984"}],"version-history":[{"count":12,"href":"https:\/\/www.maidotips.com\/environment\/wp-json\/wp\/v2\/pages\/1984\/revisions"}],"predecessor-version":[{"id":2296,"href":"https:\/\/www.maidotips.com\/environment\/wp-json\/wp\/v2\/pages\/1984\/revisions\/2296"}],"wp:attachment":[{"href":"https:\/\/www.maidotips.com\/environment\/wp-json\/wp\/v2\/media?parent=1984"}],"curies":[{"name":"wp","href":"https:\/\/api.w.org\/{rel}","templated":true}]}}