{"id":296,"date":"2013-02-26T18:06:09","date_gmt":"2013-02-26T16:06:09","guid":{"rendered":"https:\/\/www.maidotips.com\/environment\/?page_id=296"},"modified":"2019-06-08T15:50:02","modified_gmt":"2019-06-08T13:50:02","slug":"eficiencia-energetica","status":"publish","type":"page","link":"https:\/\/www.maidotips.com\/environment\/","title":{"rendered":"LA EFICIENCIA ENERGETICA"},"content":{"rendered":"\n<p class=\"has-text-color has-background has-very-dark-gray-color has-very-light-gray-background-color\"><span style=\"color: #0000ff;\">LA EFICIENCIA ENERGETICA&nbsp;&nbsp;o&nbsp;<b>ahorro de energ\u00eda<\/b>&nbsp;es una pr\u00e1ctica empleada durante el consumo de energ\u00eda&nbsp;que tiene como objeto procurar disminuir el uso de&nbsp;energ\u00eda&nbsp;pero con el mismo resultado final. Es una optimizaci\u00f3n del consumo de energ\u00eda. <\/span><\/p>\n\n\n\n<p class=\"has-background has-very-light-gray-background-color\"><span style=\"color: #0000ff;\">Esta pr\u00e1ctica conlleva un aumento del&nbsp;capital financiero,&nbsp;ambiental, etc&#8230;. &nbsp;Los usuarios industriales y comerciales pueden desear aumentar eficacia y maximizar as\u00ed su beneficio. <\/span><\/p>\n\n\n\n<p class=\"has-background has-very-light-gray-background-color\"><span style=\"color: #0000ff;\">Entre las preocupaciones actuales est\u00e1 el ahorro de energ\u00eda y el&nbsp;efecto medioambiental de la generaci\u00f3n de energ\u00eda el\u00e9ctrica.<\/span><\/p>\n\n\n\n<p style=\"color:#062ae5\" class=\"has-text-color has-background has-very-light-gray-background-color\">Es por eso que ademas de la Eficiencia Energetica debemos apostar por las Energ\u00edas Renovables y el <a href=\"https:\/\/www.maidotips.com\/environment\/que-debemos-saber-saber-sobre-autoconsumo-fotovoltaico\/\">Autoconsumo Electrico<\/a><\/p>\n\n\n\n<figure class=\"wp-block-embed-youtube wp-block-embed is-type-video is-provider-youtube wp-embed-aspect-4-3 wp-has-aspect-ratio\"><div class=\"wp-block-embed__wrapper\">\n<iframe loading=\"lazy\" title=\"LA EFICIENCIA ENERGETICA\" width=\"780\" height=\"585\" src=\"https:\/\/www.youtube.com\/embed\/8PDUOs3kjaU?feature=oembed\" frameborder=\"0\" allow=\"accelerometer; autoplay; clipboard-write; encrypted-media; gyroscope; picture-in-picture; web-share\" referrerpolicy=\"strict-origin-when-cross-origin\" allowfullscreen><\/iframe>\n<\/div><\/figure>\n\n\n<section id=\"top-posts-2\" class=\"widget widget_top-posts amr_widget\"><div class=\"widget-wrap\"><h4 class=\"widget-title\">Populares<\/h4><ul><li><a href=\"https:\/\/www.maidotips.com\/environment\/excel-para-calculos-electricos\/\" class=\"bump-view\" data-bump-view=\"tp\">Excel para Calculos Electricos<\/a><\/li><li><a href=\"https:\/\/www.maidotips.com\/environment\/excel-para-el-calculo-de-secciones-de-los-conductores-de-instalaciones-electricas\/\" class=\"bump-view\" data-bump-view=\"tp\">Excel para el c\u00e1lculo de secciones de los conductores de instalaciones Electricas<\/a><\/li><\/ul><\/div><!-- .widget-wrap --><\/section><!-- #widget-default-search -->\n\n\n<section id=\"facebook-likebox-3\" class=\"widget widget_facebook_likebox amr_widget\"><div class=\"widget-wrap\">\t\t<div id=\"fb-root\"><\/div>\n\t\t<div class=\"fb-page\" data-href=\"https:\/\/www.facebook.com\/Energiasrenovablesytecnologia\/\" data-width=\"480\"  data-height=\"130\" data-hide-cover=\"true\" data-show-facepile=\"false\" data-tabs=\"timeline\" data-hide-cta=\"false\" data-small-header=\"false\">\n\t\t<div class=\"fb-xfbml-parse-ignore\"><blockquote cite=\"https:\/\/www.facebook.com\/Energiasrenovablesytecnologia\/\"><a href=\"https:\/\/www.facebook.com\/Energiasrenovablesytecnologia\/\"><\/a><\/blockquote><\/div>\n\t\t<\/div>\n\t\t<\/div><!-- .widget-wrap --><\/section><!-- #widget-default-search -->\n\n\n\n<figure class=\"wp-block-image\"><img data-recalc-dims=\"1\" loading=\"lazy\" decoding=\"async\" width=\"780\" height=\"439\" data-attachment-id=\"1901\" data-permalink=\"https:\/\/www.maidotips.com\/environment\/eficiencia-energetica\/eficiencia\/#main\" data-orig-file=\"https:\/\/i0.wp.com\/www.maidotips.com\/environment\/wp-content\/uploads\/2019\/06\/eficiencia.jpg?fit=1058%2C595&amp;ssl=1\" data-orig-size=\"1058,595\" data-comments-opened=\"0\" data-image-meta=\"{&quot;aperture&quot;:&quot;0&quot;,&quot;credit&quot;:&quot;&quot;,&quot;camera&quot;:&quot;&quot;,&quot;caption&quot;:&quot;&quot;,&quot;created_timestamp&quot;:&quot;0&quot;,&quot;copyright&quot;:&quot;&quot;,&quot;focal_length&quot;:&quot;0&quot;,&quot;iso&quot;:&quot;0&quot;,&quot;shutter_speed&quot;:&quot;0&quot;,&quot;title&quot;:&quot;&quot;,&quot;orientation&quot;:&quot;0&quot;}\" data-image-title=\"eficiencia\" data-image-description=\"\" data-image-caption=\"\" data-medium-file=\"https:\/\/i0.wp.com\/www.maidotips.com\/environment\/wp-content\/uploads\/2019\/06\/eficiencia.jpg?fit=300%2C169&amp;ssl=1\" data-large-file=\"https:\/\/i0.wp.com\/www.maidotips.com\/environment\/wp-content\/uploads\/2019\/06\/eficiencia.jpg?fit=780%2C439&amp;ssl=1\" src=\"https:\/\/i0.wp.com\/www.maidotips.com\/environment\/wp-content\/uploads\/2019\/06\/eficiencia-1024x576.jpg?resize=780%2C439&#038;ssl=1\" alt=\"\" class=\"wp-image-1901\" srcset=\"https:\/\/i0.wp.com\/www.maidotips.com\/environment\/wp-content\/uploads\/2019\/06\/eficiencia.jpg?resize=1024%2C576&amp;ssl=1 1024w, https:\/\/i0.wp.com\/www.maidotips.com\/environment\/wp-content\/uploads\/2019\/06\/eficiencia.jpg?resize=300%2C169&amp;ssl=1 300w, https:\/\/i0.wp.com\/www.maidotips.com\/environment\/wp-content\/uploads\/2019\/06\/eficiencia.jpg?resize=768%2C432&amp;ssl=1 768w, https:\/\/i0.wp.com\/www.maidotips.com\/environment\/wp-content\/uploads\/2019\/06\/eficiencia.jpg?w=1058&amp;ssl=1 1058w\" sizes=\"auto, (max-width: 780px) 100vw, 780px\" \/><\/figure>\n\n\n\n<h2 class=\"wp-block-heading\"><span style=\"color: #333399;\"><strong><a href=\"https:\/\/www.maidotips.com\/environment\"><span style=\"color: #333399;\">&nbsp;<\/span><\/a><\/strong><\/span><\/h2>\n","protected":false},"excerpt":{"rendered":"<p>LA EFICIENCIA ENERGETICA&nbsp;&nbsp;o&nbsp;ahorro de energ\u00eda&nbsp;es una pr\u00e1ctica empleada durante el consumo de energ\u00eda&nbsp;que tiene como objeto procurar disminuir el uso de&nbsp;energ\u00eda&nbsp;pero con el mismo resultado final. Es una optimizaci\u00f3n del consumo de energ\u00eda. Esta pr\u00e1ctica conlleva un aumento del&nbsp;capital financiero,&nbsp;ambiental, etc&#8230;. &nbsp;Los usuarios industriales y comerciales pueden desear aumentar eficacia y maximizar as\u00ed su beneficio. <a class=\"more-link\" href=\"https:\/\/www.maidotips.com\/environment\/\">Leer m\u00e1s &#8230;<\/a><\/p>\n","protected":false},"author":1,"featured_media":1901,"parent":0,"menu_order":0,"comment_status":"closed","ping_status":"open","template":"","meta":{"_monsterinsights_skip_tracking":false,"_monsterinsights_sitenote_active":false,"_monsterinsights_sitenote_note":"","_monsterinsights_sitenote_category":0,"jetpack_post_was_ever_published":false,"footnotes":""},"class_list":["post-296","page","type-page","status-publish","has-post-thumbnail","hentry"],"yoast_head":"<!-- This site is optimized with the Yoast SEO plugin v24.8.1 - https:\/\/yoast.com\/wordpress\/plugins\/seo\/ -->\n<title>LA EFICIENCIA ENERGETICA - BLOG de ENERGIAS RENOVABLES yTECNOLOGIA<\/title>\n<meta name=\"robots\" content=\"index, follow, max-snippet:-1, max-image-preview:large, max-video-preview:-1\" \/>\n<link rel=\"canonical\" href=\"https:\/\/www.maidotips.com\/environment\/\" \/>\n<meta property=\"og:locale\" content=\"es_ES\" \/>\n<meta property=\"og:type\" content=\"article\" \/>\n<meta property=\"og:title\" content=\"LA EFICIENCIA ENERGETICA - BLOG de ENERGIAS RENOVABLES yTECNOLOGIA\" \/>\n<meta property=\"og:description\" content=\"LA EFICIENCIA ENERGETICA&nbsp;&nbsp;o&nbsp;ahorro de energ\u00eda&nbsp;es una pr\u00e1ctica empleada durante el consumo de energ\u00eda&nbsp;que tiene como objeto procurar disminuir el uso de&nbsp;energ\u00eda&nbsp;pero con el mismo resultado final. Es una optimizaci\u00f3n del consumo de energ\u00eda. Esta pr\u00e1ctica conlleva un aumento del&nbsp;capital financiero,&nbsp;ambiental, etc&#8230;. &nbsp;Los usuarios industriales y comerciales pueden desear aumentar eficacia y maximizar as\u00ed su beneficio. Leer m\u00e1s ...\" \/>\n<meta property=\"og:url\" content=\"https:\/\/www.maidotips.com\/environment\/\" \/>\n<meta property=\"og:site_name\" content=\"BLOG de ENERGIAS RENOVABLES yTECNOLOGIA\" \/>\n<meta property=\"article:publisher\" content=\"https:\/\/www.facebook.com\/Energiasrenovablesytecnologia\/\" \/>\n<meta property=\"article:modified_time\" content=\"2019-06-08T13:50:02+00:00\" \/>\n<meta property=\"og:image\" content=\"https:\/\/i0.wp.com\/www.maidotips.com\/environment\/wp-content\/uploads\/2019\/06\/eficiencia.jpg?fit=1058%2C595&ssl=1\" \/>\n\t<meta property=\"og:image:width\" content=\"1058\" \/>\n\t<meta property=\"og:image:height\" content=\"595\" \/>\n\t<meta property=\"og:image:type\" content=\"image\/jpeg\" \/>\n<meta name=\"twitter:card\" content=\"summary_large_image\" \/>\n<meta name=\"twitter:label1\" content=\"Tiempo de lectura\" \/>\n\t<meta name=\"twitter:data1\" content=\"1 minuto\" \/>\n<script type=\"application\/ld+json\" class=\"yoast-schema-graph\">{\"@context\":\"https:\/\/schema.org\",\"@graph\":[{\"@type\":\"WebPage\",\"@id\":\"https:\/\/www.maidotips.com\/environment\/\",\"url\":\"https:\/\/www.maidotips.com\/environment\/\",\"name\":\"LA EFICIENCIA ENERGETICA - BLOG de ENERGIAS RENOVABLES yTECNOLOGIA\",\"isPartOf\":{\"@id\":\"https:\/\/www.maidotips.com\/environment\/#website\"},\"primaryImageOfPage\":{\"@id\":\"https:\/\/www.maidotips.com\/environment\/#primaryimage\"},\"image\":{\"@id\":\"https:\/\/www.maidotips.com\/environment\/#primaryimage\"},\"thumbnailUrl\":\"https:\/\/i0.wp.com\/www.maidotips.com\/environment\/wp-content\/uploads\/2019\/06\/eficiencia.jpg?fit=1058%2C595&ssl=1\",\"datePublished\":\"2013-02-26T16:06:09+00:00\",\"dateModified\":\"2019-06-08T13:50:02+00:00\",\"breadcrumb\":{\"@id\":\"https:\/\/www.maidotips.com\/environment\/#breadcrumb\"},\"inLanguage\":\"es\",\"potentialAction\":[{\"@type\":\"ReadAction\",\"target\":[\"https:\/\/www.maidotips.com\/environment\/\"]}]},{\"@type\":\"ImageObject\",\"inLanguage\":\"es\",\"@id\":\"https:\/\/www.maidotips.com\/environment\/#primaryimage\",\"url\":\"https:\/\/i0.wp.com\/www.maidotips.com\/environment\/wp-content\/uploads\/2019\/06\/eficiencia.jpg?fit=1058%2C595&ssl=1\",\"contentUrl\":\"https:\/\/i0.wp.com\/www.maidotips.com\/environment\/wp-content\/uploads\/2019\/06\/eficiencia.jpg?fit=1058%2C595&ssl=1\",\"width\":1058,\"height\":595},{\"@type\":\"BreadcrumbList\",\"@id\":\"https:\/\/www.maidotips.com\/environment\/#breadcrumb\",\"itemListElement\":[{\"@type\":\"ListItem\",\"position\":1,\"name\":\"Portada\",\"item\":\"https:\/\/www.maidotips.com\/environment\/\"},{\"@type\":\"ListItem\",\"position\":2,\"name\":\"LA EFICIENCIA ENERGETICA\"}]},{\"@type\":\"WebSite\",\"@id\":\"https:\/\/www.maidotips.com\/environment\/#website\",\"url\":\"https:\/\/www.maidotips.com\/environment\/\",\"name\":\"BLOG de ENERGIAS RENOVABLES yTECNOLOGIA\",\"description\":\"BLOG sobre la energia verde y TECNOLOGIA\",\"potentialAction\":[{\"@type\":\"SearchAction\",\"target\":{\"@type\":\"EntryPoint\",\"urlTemplate\":\"https:\/\/www.maidotips.com\/environment\/?s={search_term_string}\"},\"query-input\":{\"@type\":\"PropertyValueSpecification\",\"valueRequired\":true,\"valueName\":\"search_term_string\"}}],\"inLanguage\":\"es\"}]}<\/script>\n<!-- \/ Yoast SEO plugin. -->","yoast_head_json":{"title":"LA EFICIENCIA ENERGETICA - BLOG de ENERGIAS RENOVABLES yTECNOLOGIA","robots":{"index":"index","follow":"follow","max-snippet":"max-snippet:-1","max-image-preview":"max-image-preview:large","max-video-preview":"max-video-preview:-1"},"canonical":"https:\/\/www.maidotips.com\/environment\/","og_locale":"es_ES","og_type":"article","og_title":"LA EFICIENCIA ENERGETICA - BLOG de ENERGIAS RENOVABLES yTECNOLOGIA","og_description":"LA EFICIENCIA ENERGETICA&nbsp;&nbsp;o&nbsp;ahorro de energ\u00eda&nbsp;es una pr\u00e1ctica empleada durante el consumo de energ\u00eda&nbsp;que tiene como objeto procurar disminuir el uso de&nbsp;energ\u00eda&nbsp;pero con el mismo resultado final. Es una optimizaci\u00f3n del consumo de energ\u00eda. Esta pr\u00e1ctica conlleva un aumento del&nbsp;capital financiero,&nbsp;ambiental, etc&#8230;. &nbsp;Los usuarios industriales y comerciales pueden desear aumentar eficacia y maximizar as\u00ed su beneficio. Leer m\u00e1s ...","og_url":"https:\/\/www.maidotips.com\/environment\/","og_site_name":"BLOG de ENERGIAS RENOVABLES yTECNOLOGIA","article_publisher":"https:\/\/www.facebook.com\/Energiasrenovablesytecnologia\/","article_modified_time":"2019-06-08T13:50:02+00:00","og_image":[{"width":1058,"height":595,"url":"https:\/\/i0.wp.com\/www.maidotips.com\/environment\/wp-content\/uploads\/2019\/06\/eficiencia.jpg?fit=1058%2C595&ssl=1","type":"image\/jpeg"}],"twitter_card":"summary_large_image","twitter_misc":{"Tiempo de lectura":"1 minuto"},"schema":{"@context":"https:\/\/schema.org","@graph":[{"@type":"WebPage","@id":"https:\/\/www.maidotips.com\/environment\/","url":"https:\/\/www.maidotips.com\/environment\/","name":"LA EFICIENCIA ENERGETICA - BLOG de ENERGIAS RENOVABLES yTECNOLOGIA","isPartOf":{"@id":"https:\/\/www.maidotips.com\/environment\/#website"},"primaryImageOfPage":{"@id":"https:\/\/www.maidotips.com\/environment\/#primaryimage"},"image":{"@id":"https:\/\/www.maidotips.com\/environment\/#primaryimage"},"thumbnailUrl":"https:\/\/i0.wp.com\/www.maidotips.com\/environment\/wp-content\/uploads\/2019\/06\/eficiencia.jpg?fit=1058%2C595&ssl=1","datePublished":"2013-02-26T16:06:09+00:00","dateModified":"2019-06-08T13:50:02+00:00","breadcrumb":{"@id":"https:\/\/www.maidotips.com\/environment\/#breadcrumb"},"inLanguage":"es","potentialAction":[{"@type":"ReadAction","target":["https:\/\/www.maidotips.com\/environment\/"]}]},{"@type":"ImageObject","inLanguage":"es","@id":"https:\/\/www.maidotips.com\/environment\/#primaryimage","url":"https:\/\/i0.wp.com\/www.maidotips.com\/environment\/wp-content\/uploads\/2019\/06\/eficiencia.jpg?fit=1058%2C595&ssl=1","contentUrl":"https:\/\/i0.wp.com\/www.maidotips.com\/environment\/wp-content\/uploads\/2019\/06\/eficiencia.jpg?fit=1058%2C595&ssl=1","width":1058,"height":595},{"@type":"BreadcrumbList","@id":"https:\/\/www.maidotips.com\/environment\/#breadcrumb","itemListElement":[{"@type":"ListItem","position":1,"name":"Portada","item":"https:\/\/www.maidotips.com\/environment\/"},{"@type":"ListItem","position":2,"name":"LA EFICIENCIA ENERGETICA"}]},{"@type":"WebSite","@id":"https:\/\/www.maidotips.com\/environment\/#website","url":"https:\/\/www.maidotips.com\/environment\/","name":"BLOG de ENERGIAS RENOVABLES yTECNOLOGIA","description":"BLOG sobre la energia verde y TECNOLOGIA","potentialAction":[{"@type":"SearchAction","target":{"@type":"EntryPoint","urlTemplate":"https:\/\/www.maidotips.com\/environment\/?s={search_term_string}"},"query-input":{"@type":"PropertyValueSpecification","valueRequired":true,"valueName":"search_term_string"}}],"inLanguage":"es"}]}},"jetpack_shortlink":"https:\/\/wp.me\/PbBd6N-4M","jetpack-related-posts":[],"jetpack_likes_enabled":true,"jetpack_sharing_enabled":true,"_links":{"self":[{"href":"https:\/\/www.maidotips.com\/environment\/wp-json\/wp\/v2\/pages\/296","targetHints":{"allow":["GET"]}}],"collection":[{"href":"https:\/\/www.maidotips.com\/environment\/wp-json\/wp\/v2\/pages"}],"about":[{"href":"https:\/\/www.maidotips.com\/environment\/wp-json\/wp\/v2\/types\/page"}],"author":[{"embeddable":true,"href":"https:\/\/www.maidotips.com\/environment\/wp-json\/wp\/v2\/users\/1"}],"replies":[{"embeddable":true,"href":"https:\/\/www.maidotips.com\/environment\/wp-json\/wp\/v2\/comments?post=296"}],"version-history":[{"count":13,"href":"https:\/\/www.maidotips.com\/environment\/wp-json\/wp\/v2\/pages\/296\/revisions"}],"predecessor-version":[{"id":1906,"href":"https:\/\/www.maidotips.com\/environment\/wp-json\/wp\/v2\/pages\/296\/revisions\/1906"}],"wp:featuredmedia":[{"embeddable":true,"href":"https:\/\/www.maidotips.com\/environment\/wp-json\/wp\/v2\/media\/1901"}],"wp:attachment":[{"href":"https:\/\/www.maidotips.com\/environment\/wp-json\/wp\/v2\/media?parent=296"}],"curies":[{"name":"wp","href":"https:\/\/api.w.org\/{rel}","templated":true}]}}